{"id":10677,"date":"2023-09-30T09:27:07","date_gmt":"2023-09-30T09:27:07","guid":{"rendered":"https:\/\/bakhoan.com\/?post_type=product&#038;p=10677"},"modified":"2026-04-22T22:44:08","modified_gmt":"2026-04-22T18:44:08","slug":"jhm-08a","status":"publish","type":"product","link":"https:\/\/bakhoan.com\/ar\/product\/jhm-08a\/","title":{"rendered":"\u0639\u0627\u0644\u064a\u0629 \u0627\u0644\u062a\u0631\u062f\u062f \u0622\u0644\u0629 \u0627\u0644\u0648\u062c\u0647 \u060c 4 \u0641\u064a 1 \u0627\u0644\u0642\u0637\u0628 \u0639\u0635\u0627 \u0627\u0644\u0645\u062d\u0645\u0648\u0644\u0629 \u0627\u0644\u0645\u062d\u0645\u0648\u0644\u0629 \u0639\u0627\u0644\u064a\u0629 \u0627\u0644\u062a\u0631\u062f\u062f \u062c\u0647\u0627\u0632 \u0627\u0644\u062c\u0645\u0627\u0644 \u0644\u0644\u0648\u062c\u0647 \u0648\u0627\u0644\u0631\u0642\u0628\u0629 \u0627\u0644\u0634\u0639\u0631"},"content":{"rendered":"<p><img fetchpriority=\"high\" decoding=\"async\" class=\"aligncenter wp-image-2081 size-full\" src=\"https:\/\/bosidin.ae\/wp-content\/uploads\/2022\/03\/1.jpg\" alt=\"\" width=\"970\" height=\"600\" \/><\/p>\n<p>&nbsp;<\/p>\n<ul class=\"a-unordered-list a-vertical a-spacing-mini\">\n<li><span class=\"a-list-item\"><strong>Natural High Frequency Technology<\/strong> &#8211; portable high frequency facial machine uses natural high frequency technology to give you effective results.<\/span><\/li>\n<li><span class=\"a-list-item\"><strong>4 Different Tubes<\/strong> &#8211; The handheld high frequency facial skin wand has 4 different glass tubes for all your needs in different area. 1\u00d7 Mushroom tube.1\u00d7 Tongue tube. 1\u00d7 Bent tube. 1\u00d7Tube.<\/span><\/li>\n<li><span class=\"a-list-item\"><strong>Easy to Use<\/strong> &#8211; Portable high frequency face skin machine is portable and easy to use. Just need to choose the different level according to your needs to start. Continue to use it 2-3 times every week and allows you to properly process and benefit from the high frequency.<\/span><\/li>\n<li><span class=\"a-list-item\"><strong>Operation Methods<\/strong> &#8211; These methods can be chosen which are indirect way and direct way method etc according to your specific need.<\/span><\/li>\n<li><span class=\"a-list-item\"><strong>6 months Warranty<\/strong> &#8211; Strict quality control make us confident in our home use portable high frequency facial machine. We offer 6 months replacement warranty.<\/span><\/li>\n<\/ul>\n<h3><img decoding=\"async\" class=\"aligncenter wp-image-2082 size-full\" src=\"https:\/\/bosidin.ae\/wp-content\/uploads\/2022\/03\/4.jpg\" alt=\"\" width=\"970\" height=\"600\" \/><\/h3>\n<h3 class=\"h6 u-margin-b--sm\">HOW TO USE<\/h3>\n<ul class=\"product-details__list u-margin-l--none\">\n<li>Avoid usage of on any skin irregularities, which include but are not limited to: open wounds, eyelids, or any raised surfaces including moles<\/li>\n<li>Place a piece of cotton gauze over the area to be treated, insert attachment and gradually turn power dial until you feel a slight tingling sensation. Move the wand in a circular motion over blemish for 1-3 minutes<\/li>\n<li>The further the tip is away from the skin, the deeper the current will go<\/li>\n<\/ul>\n<p><strong>Aftercare treatments<\/strong><\/p>\n<ul>\n<li>Apply sunscreen\/moisturizer after the treatment<\/li>\n<\/ul>\n<p><img decoding=\"async\" class=\"wp-image-2083 size-full aligncenter\" src=\"https:\/\/bosidin.ae\/wp-content\/uploads\/2022\/03\/5-1.jpg\" alt=\"\" width=\"970\" height=\"600\" \/><\/p>\n<p>&nbsp;<\/p>\n<p><strong><em>When should you not use a high frequency machine?<\/em><\/strong><\/p>\n<p>Individual with the following should not use this device:<\/p>\n<ul class=\"i8Z77e\">\n<li class=\"TrT0Xe\">Headaches \/ Migraines (high frequency emits a buzzing sound)<\/li>\n<li class=\"TrT0Xe\">Epilepsy<\/li>\n<li class=\"TrT0Xe\">Excessive dental fillings \/ Braces (can cause strong metallic taste in mouth)<\/li>\n<li class=\"TrT0Xe\">Pregnancy<\/li>\n<li>Heart Disease<\/li>\n<li>Chronic Acne Patients<\/li>\n<\/ul>","protected":false},"excerpt":{"rendered":"<ul class=\"a-unordered-list a-vertical a-spacing-mini\">\n<li><span class=\"a-list-item\">Safe and Natural High Frequency Technology\u00a0<\/span><\/li>\n<li>Anti-Aging Neon Applicators<\/li>\n<li>Better Absorption of Your Beauty Serums and Creams<\/li>\n<li>For a Smoother Brighter Complexion<\/li>\n<li><span class=\"a-list-item\">4 Different Tubes for you \u00a0(tongue tube, mushroom tube, bend tube, comb tube)<\/span><\/li>\n<li><span class=\"a-list-item\">Easy to Use in the Face, Neck and Hair<\/span><\/li>\n<\/ul>","protected":false},"featured_media":10699,"comment_status":"open","ping_status":"closed","template":"","meta":{"nf_dc_page":"","site-sidebar-layout":"default","site-content-layout":"","ast-site-content-layout":"default","site-content-style":"default","site-sidebar-style":"default","ast-global-header-display":"","ast-banner-title-visibility":"","ast-main-header-display":"","ast-hfb-above-header-display":"","ast-hfb-below-header-display":"","ast-hfb-mobile-header-display":"","site-post-title":"","ast-breadcrumbs-content":"","ast-featured-img":"","footer-sml-layout":"","ast-disable-related-posts":"","theme-transparent-header-meta":"default","adv-header-id-meta":"","stick-header-meta":"","header-above-stick-meta":"","header-main-stick-meta":"","header-below-stick-meta":"","astra-migrate-meta-layouts":"set","ast-page-background-enabled":"default","ast-page-background-meta":{"desktop":{"background-color":"var(--ast-global-color-4)","background-image":"","background-repeat":"repeat","background-position":"center center","background-size":"auto","background-attachment":"scroll","background-type":"","background-media":"","overlay-type":"","overlay-color":"","overlay-opacity":"","overlay-gradient":""},"tablet":{"background-color":"","background-image":"","background-repeat":"repeat","background-position":"center center","background-size":"auto","background-attachment":"scroll","background-type":"","background-media":"","overlay-type":"","overlay-color":"","overlay-opacity":"","overlay-gradient":""},"mobile":{"background-color":"","background-image":"","background-repeat":"repeat","background-position":"center center","background-size":"auto","background-attachment":"scroll","background-type":"","background-media":"","overlay-type":"","overlay-color":"","overlay-opacity":"","overlay-gradient":""}},"ast-content-background-meta":{"desktop":{"background-color":"var(--ast-global-color-5)","background-image":"","background-repeat":"repeat","background-position":"center center","background-size":"auto","background-attachment":"scroll","background-type":"","background-media":"","overlay-type":"","overlay-color":"","overlay-opacity":"","overlay-gradient":""},"tablet":{"background-color":"var(--ast-global-color-5)","background-image":"","background-repeat":"repeat","background-position":"center center","background-size":"auto","background-attachment":"scroll","background-type":"","background-media":"","overlay-type":"","overlay-color":"","overlay-opacity":"","overlay-gradient":""},"mobile":{"background-color":"var(--ast-global-color-5)","background-image":"","background-repeat":"repeat","background-position":"center center","background-size":"auto","background-attachment":"scroll","background-type":"","background-media":"","overlay-type":"","overlay-color":"","overlay-opacity":"","overlay-gradient":""}}},"product_brand":[],"product_cat":[54],"product_tag":[59,60],"class_list":{"0":"post-10677","1":"product","2":"type-product","3":"status-publish","4":"has-post-thumbnail","6":"product_cat-health-and-beauty","7":"product_tag-facial-machine","8":"product_tag-high-frequency","9":"desktop-align-left","10":"tablet-align-left","11":"mobile-align-left","13":"first","14":"instock","15":"featured","16":"shipping-taxable","17":"purchasable","18":"product-type-simple"},"_links":{"self":[{"href":"https:\/\/bakhoan.com\/ar\/wp-json\/wp\/v2\/product\/10677","targetHints":{"allow":["GET"]}}],"collection":[{"href":"https:\/\/bakhoan.com\/ar\/wp-json\/wp\/v2\/product"}],"about":[{"href":"https:\/\/bakhoan.com\/ar\/wp-json\/wp\/v2\/types\/product"}],"replies":[{"embeddable":true,"href":"https:\/\/bakhoan.com\/ar\/wp-json\/wp\/v2\/comments?post=10677"}],"wp:featuredmedia":[{"embeddable":true,"href":"https:\/\/bakhoan.com\/ar\/wp-json\/wp\/v2\/media\/10699"}],"wp:attachment":[{"href":"https:\/\/bakhoan.com\/ar\/wp-json\/wp\/v2\/media?parent=10677"}],"wp:term":[{"taxonomy":"product_brand","embeddable":true,"href":"https:\/\/bakhoan.com\/ar\/wp-json\/wp\/v2\/product_brand?post=10677"},{"taxonomy":"product_cat","embeddable":true,"href":"https:\/\/bakhoan.com\/ar\/wp-json\/wp\/v2\/product_cat?post=10677"},{"taxonomy":"product_tag","embeddable":true,"href":"https:\/\/bakhoan.com\/ar\/wp-json\/wp\/v2\/product_tag?post=10677"}],"curies":[{"name":"wp","href":"https:\/\/api.w.org\/{rel}","templated":true}]}}